{"id":215,"date":"2021-05-13T08:25:53","date_gmt":"2021-05-13T06:25:53","guid":{"rendered":"https:\/\/lestritonsmeldois.fr\/?page_id=215"},"modified":"2021-05-13T08:27:16","modified_gmt":"2021-05-13T06:27:16","slug":"le-club","status":"publish","type":"page","link":"https:\/\/www.lestritonsmeldois.fr\/index.php\/le-club\/","title":{"rendered":"Le-Club"},"content":{"rendered":"<p>[et_pb_section fb_built=\u00a0\u00bb1&Prime; _builder_version=\u00a0\u00bb4.9.1&Prime; _module_preset=\u00a0\u00bbdefault\u00a0\u00bb][et_pb_row _builder_version=\u00a0\u00bb4.9.1&Prime; _module_preset=\u00a0\u00bbdefault\u00a0\u00bb column_structure=\u00a0\u00bb2_5,3_5&Prime;][et_pb_column _builder_version=\u00a0\u00bb4.9.1&Prime; _module_preset=\u00a0\u00bbdefault\u00a0\u00bb type=\u00a0\u00bb2_5&Prime;][et_pb_image src=\u00a0\u00bbhttps:\/\/lestritonsmeldois.fr\/wp-content\/uploads\/2021\/03\/109532154_10223313395928241_8078832320405164057_o-e1616570446790.jpg\u00a0\u00bb _builder_version=\u00a0\u00bb4.9.1&Prime; _module_preset=\u00a0\u00bbdefault\u00a0\u00bb title_text=\u00a0\u00bb109532154_10223313395928241_8078832320405164057_o\u00a0\u00bb hover_enabled=\u00a0\u00bb0&Prime; sticky_enabled=\u00a0\u00bb0&Prime;][\/et_pb_image][\/et_pb_column][et_pb_column _builder_version=\u00a0\u00bb4.9.1&Prime; _module_preset=\u00a0\u00bbdefault\u00a0\u00bb type=\u00a0\u00bb3_5&Prime;][dnxte_text_highlight highlight_text=\u00a0\u00bbEn d\u00e9cembre 1994, 3 amis, venus de sports diff\u00e9rents, d\u00e9cident de cr\u00e9er un club de triathlon. Plus de 20 ans plus tard, ce club compte plus de 100 membres.   \u200b  Depuis 1998, Les Tritons Meldois sont repr\u00e9sent\u00e9s en premi\u00e8re division du Grand Prix de Duathlon Hommes et Femmes.  \u200b  En 2020, pour la premi\u00e8re fois de son histoire, une \u00e9quipe femmes prend part \u00e0 la premi\u00e8re division du Grand Prix de Triathlon.  \u200b  La formation des jeunes est \u00e9galement une priorit\u00e9 pour le club. Labellis\u00e9e deux \u00e9toiles, l&rsquo;\u00e9coles de triathlon des Tritons Meldois accompagne chaque semaine une trentaine de jeunes triathl\u00e8tes.\u00a0\u00bb _builder_version=\u00a0\u00bb4.9.1&Prime; _module_preset=\u00a0\u00bbdefault\u00a0\u00bb heading_tag=\u00a0\u00bbp\u00a0\u00bb stroke_color=\u00a0\u00bb#EDF000&Prime; stroke_width=\u00a0\u00bb8px\u00a0\u00bb highlight_animation_delay=\u00a0\u00bb2700ms\u00a0\u00bb hover_enabled=\u00a0\u00bb0&Prime; sticky_enabled=\u00a0\u00bb0&Prime;][\/dnxte_text_highlight][\/et_pb_column][\/et_pb_row][\/et_pb_section]<\/p>\n","protected":false},"excerpt":{"rendered":"<p>[et_pb_section fb_built=\u00a0\u00bb1&Prime; _builder_version=\u00a0\u00bb4.9.1&Prime; _module_preset=\u00a0\u00bbdefault\u00a0\u00bb][et_pb_row _builder_version=\u00a0\u00bb4.9.1&Prime; _module_preset=\u00a0\u00bbdefault\u00a0\u00bb column_structure=\u00a0\u00bb2_5,3_5&Prime;][et_pb_column _builder_version=\u00a0\u00bb4.9.1&Prime; _module_preset=\u00a0\u00bbdefault\u00a0\u00bb type=\u00a0\u00bb2_5&Prime;][et_pb_image src=\u00a0\u00bbhttps:\/\/lestritonsmeldois.fr\/wp-content\/uploads\/2021\/03\/109532154_10223313395928241_8078832320405164057_o-e1616570446790.jpg\u00a0\u00bb _builder_version=\u00a0\u00bb4.9.1&Prime; _module_preset=\u00a0\u00bbdefault\u00a0\u00bb title_text=\u00a0\u00bb109532154_10223313395928241_8078832320405164057_o\u00a0\u00bb hover_enabled=\u00a0\u00bb0&Prime; sticky_enabled=\u00a0\u00bb0&Prime;][\/et_pb_image][\/et_pb_column][et_pb_column _builder_version=\u00a0\u00bb4.9.1&Prime; _module_preset=\u00a0\u00bbdefault\u00a0\u00bb type=\u00a0\u00bb3_5&Prime;][dnxte_text_highlight highlight_text=\u00a0\u00bbEn d\u00e9cembre 1994, 3 amis, venus de sports diff\u00e9rents, d\u00e9cident de cr\u00e9er un club de triathlon. Plus de 20 ans plus tard, ce club compte plus de 100 membres. \u200b Depuis 1998, Les Tritons Meldois sont [&hellip;]<\/p>\n","protected":false},"author":1,"featured_media":0,"parent":0,"menu_order":0,"comment_status":"closed","ping_status":"closed","template":"","meta":{"_acf_changed":false,"_et_pb_use_builder":"on","_et_pb_old_content":"","_et_gb_content_width":"","_monsterinsights_skip_tracking":false,"_monsterinsights_sitenote_active":false,"_monsterinsights_sitenote_note":"","_monsterinsights_sitenote_category":0,"footnotes":""},"class_list":["post-215","page","type-page","status-publish","hentry"],"acf":[],"aioseo_notices":[],"_links":{"self":[{"href":"https:\/\/www.lestritonsmeldois.fr\/index.php\/wp-json\/wp\/v2\/pages\/215","targetHints":{"allow":["GET"]}}],"collection":[{"href":"https:\/\/www.lestritonsmeldois.fr\/index.php\/wp-json\/wp\/v2\/pages"}],"about":[{"href":"https:\/\/www.lestritonsmeldois.fr\/index.php\/wp-json\/wp\/v2\/types\/page"}],"author":[{"embeddable":true,"href":"https:\/\/www.lestritonsmeldois.fr\/index.php\/wp-json\/wp\/v2\/users\/1"}],"replies":[{"embeddable":true,"href":"https:\/\/www.lestritonsmeldois.fr\/index.php\/wp-json\/wp\/v2\/comments?post=215"}],"version-history":[{"count":0,"href":"https:\/\/www.lestritonsmeldois.fr\/index.php\/wp-json\/wp\/v2\/pages\/215\/revisions"}],"wp:attachment":[{"href":"https:\/\/www.lestritonsmeldois.fr\/index.php\/wp-json\/wp\/v2\/media?parent=215"}],"curies":[{"name":"wp","href":"https:\/\/api.w.org\/{rel}","templated":true}]}}